{"id":16191,"date":"2025-10-10T14:00:19","date_gmt":"2025-10-10T18:00:19","guid":{"rendered":"https:\/\/canadianimaging.org\/?page_id=16191"},"modified":"2026-02-03T17:45:41","modified_gmt":"2026-02-03T22:45:41","slug":"fr-2026-ateliers","status":"publish","type":"page","link":"https:\/\/canadianimaging.org\/fr\/fr-2026-ateliers\/","title":{"rendered":"FR 2026 Ateliers"},"content":{"rendered":"\t\t<div data-elementor-type=\"wp-page\" data-elementor-id=\"16191\" class=\"elementor elementor-16191\" data-elementor-post-type=\"page\">\n\t\t\t\t<div class=\"elementor-element elementor-element-405a7e00 e-con-full e-flex e-con e-parent\" data-id=\"405a7e00\" data-element_type=\"container\">\n\t\t\t\t<div class=\"elementor-element elementor-element-3887d977 elementor-invisible elementor-widget elementor-widget-heading\" data-id=\"3887d977\" data-element_type=\"widget\" data-settings=\"{&quot;_animation&quot;:&quot;fadeIn&quot;,&quot;_animation_delay&quot;:100}\" data-widget_type=\"heading.default\">\n\t\t\t\t<div class=\"elementor-widget-container\">\n\t\t\t\t\t<h2 class=\"elementor-heading-title elementor-size-default\">Ateliers<\/h2>\t\t\t\t<\/div>\n\t\t\t\t<\/div>\n\t\t<div class=\"elementor-element elementor-element-67483caf e-con-full e-grid e-con e-child\" data-id=\"67483caf\" data-element_type=\"container\">\n\t\t<div class=\"elementor-element elementor-element-656ab7f8 e-con-fit e-flex elementor-invisible e-con e-child\" data-id=\"656ab7f8\" data-element_type=\"container\" data-settings=\"{&quot;background_background&quot;:&quot;classic&quot;,&quot;animation&quot;:&quot;fadeIn&quot;,&quot;animation_mobile&quot;:&quot;fadeIn&quot;,&quot;animation_delay&quot;:100}\">\n\t\t\t\t<div class=\"elementor-element elementor-element-3246b5af elementor-widget elementor-widget-text-editor\" data-id=\"3246b5af\" data-element_type=\"widget\" data-widget_type=\"text-editor.default\">\n\t\t\t\t<div class=\"elementor-widget-container\">\n\t\t\t\t\t\t\t\t\t<p><span style=\"font-weight: 400;\">Au-del\u00e0 du portrait : \u00e9clairage en studio et poses pour les jeunes adultes<\/span><\/p>\n\t\t\t\t\t\t\t\t<\/div>\n\t\t\t\t<\/div>\n\t\t\t\t<div class=\"elementor-element elementor-element-22928709 elementor-widget elementor-widget-image\" data-id=\"22928709\" data-element_type=\"widget\" data-widget_type=\"image.default\">\n\t\t\t\t<div class=\"elementor-widget-container\">\n\t\t\t\t\t\t\t\t\t\t\t\t\t\t\t<img fetchpriority=\"high\" decoding=\"async\" width=\"768\" height=\"1092\" src=\"https:\/\/canadianimaging.org\/wp-content\/uploads\/2025\/10\/AC-June2025-768x1092.jpg\" class=\"attachment-medium_large size-medium_large wp-image-16117\" alt=\"\" srcset=\"https:\/\/canadianimaging.org\/wp-content\/uploads\/2025\/10\/AC-June2025-768x1092.jpg 768w, https:\/\/canadianimaging.org\/wp-content\/uploads\/2025\/10\/AC-June2025-211x300.jpg 211w, https:\/\/canadianimaging.org\/wp-content\/uploads\/2025\/10\/AC-June2025-720x1024.jpg 720w, https:\/\/canadianimaging.org\/wp-content\/uploads\/2025\/10\/AC-June2025.jpg 844w\" sizes=\"(max-width: 768px) 100vw, 768px\" \/>\t\t\t\t\t\t\t\t\t\t\t\t\t\t\t<\/div>\n\t\t\t\t<\/div>\n\t\t\t\t<div class=\"elementor-element elementor-element-505958e5 elementor-widget elementor-widget-text-editor\" data-id=\"505958e5\" data-element_type=\"widget\" data-widget_type=\"text-editor.default\">\n\t\t\t\t<div class=\"elementor-widget-container\">\n\t\t\t\t\t\t\t\t\t<p>Alison Carlino, CR. Photog., CPP<\/p>\n\t\t\t\t\t\t\t\t<\/div>\n\t\t\t\t<\/div>\n\t\t\t\t<div class=\"elementor-element elementor-element-67afb034 elementor-widget elementor-widget-text-editor\" data-id=\"67afb034\" data-element_type=\"widget\" data-widget_type=\"text-editor.default\">\n\t\t\t\t<div class=\"elementor-widget-container\">\n\t\t\t\t\t\t\t\t\t<p><a href=\"http:\/\/www.carlinosphotography.com\"><span style=\"font-weight: 400;\">Carlino&#8217;s Photographie<\/span><\/a><\/p>\n\t\t\t\t\t\t\t\t<\/div>\n\t\t\t\t<\/div>\n\t\t\t\t<div class=\"elementor-element elementor-element-479c22c9 elementor-widget elementor-widget-text-editor\" data-id=\"479c22c9\" data-element_type=\"widget\" data-widget_type=\"text-editor.default\">\n\t\t\t\t<div class=\"elementor-widget-container\">\n\t\t\t\t\t\t\t\t\t<p><span style=\"font-weight: 400;\">Les jeunes adultes (g\u00e9n\u00e9ration Z) recherchent l&#8217;authenticit\u00e9 et une exp\u00e9rience qui va au-del\u00e0 du portrait standard utilis\u00e9 pour les candidatures \u00e0 un emploi. Nous aborderons les configurations d&#8217;\u00e9clairage 1-2-3 avec divers bo\u00eetes \u00e0 lumi\u00e8re et grilles pour contr\u00f4ler la diffusion de la lumi\u00e8re, les g\u00e9latines de couleur pour ajouter une ambiance et une histoire \u00e0 l&#8217;instant, et la fum\u00e9e du Smoke Ninja pour les effets sp\u00e9ciaux. Apprenez des poses modernes pour les hommes et les femmes, allant du traditionnel au mouvement. Ces superbes images doivent \u00eatre vendues et expos\u00e9es sous forme d&#8217;\u0153uvres d&#8217;art murales ou de livres ; vous d\u00e9couvrirez les collections et les strat\u00e9gies sociales qui permettent de continuer \u00e0 recevoir des r\u00e9servations.<\/span><\/p>\n<p>&nbsp;<\/p>\n<p><span style=\"font-weight: 400;\">Les 3 points \u00e0 retenir \u2013\u00a0<\/span><\/p>\n<p><span style=\"font-weight: 400;\">*Les \u00e9tudiants observeront une configuration \u00e0 1, 2 et 3 lumi\u00e8res et modificateurs qui couvrira les positions principales, d&#8217;appoint, d&#8217;arri\u00e8re-plan et de contour, tout en ajoutant des \u00e9l\u00e9ments de couleur et de brume pour apporter du dramatisme !<\/span><\/p>\n<p><span style=\"font-weight: 400;\">*Les \u00e9tudiants associeront des poses modernes, statiques et en mouvement pour hommes et femmes qui correspondent \u00e0 l&#8217;ambiance de la lumi\u00e8re et \u00e0 l&#8217;intention du moment.<\/span><\/p>\n<p><span style=\"font-weight: 400;\">*Les \u00e9tudiants d\u00e9couvriront les strat\u00e9gies de marketing sur les r\u00e9seaux sociaux, les collections et les produits tendance qui se vendent aupr\u00e8s de cette g\u00e9n\u00e9ration.<\/span><\/p>\n\t\t\t\t\t\t\t\t<\/div>\n\t\t\t\t<\/div>\n\t\t\t\t<\/div>\n\t\t<div class=\"elementor-element elementor-element-1467697 e-con-fit e-flex elementor-invisible e-con e-child\" data-id=\"1467697\" data-element_type=\"container\" data-settings=\"{&quot;background_background&quot;:&quot;classic&quot;,&quot;animation&quot;:&quot;fadeIn&quot;,&quot;animation_mobile&quot;:&quot;fadeIn&quot;,&quot;animation_delay&quot;:100}\">\n\t\t\t\t<div class=\"elementor-element elementor-element-3d0dcc0b elementor-widget elementor-widget-text-editor\" data-id=\"3d0dcc0b\" data-element_type=\"widget\" data-widget_type=\"text-editor.default\">\n\t\t\t\t<div class=\"elementor-widget-container\">\n\t\t\t\t\t\t\t\t\t<p><span style=\"font-weight: 400;\">Au-del\u00e0 du softbox \u2013 Ma\u00eetrisez des modeleurs de lumi\u00e8re uniques<\/span><\/p>\n\t\t\t\t\t\t\t\t<\/div>\n\t\t\t\t<\/div>\n\t\t\t\t<div class=\"elementor-element elementor-element-7468c267 elementor-widget elementor-widget-image\" data-id=\"7468c267\" data-element_type=\"widget\" data-widget_type=\"image.default\">\n\t\t\t\t<div class=\"elementor-widget-container\">\n\t\t\t\t\t\t\t\t\t\t\t\t\t\t\t<img decoding=\"async\" width=\"768\" height=\"1151\" src=\"https:\/\/canadianimaging.org\/wp-content\/uploads\/2025\/10\/Will-Prentice-Head-Shot-2025-768x1151.jpg\" class=\"attachment-medium_large size-medium_large wp-image-16160\" alt=\"\" srcset=\"https:\/\/canadianimaging.org\/wp-content\/uploads\/2025\/10\/Will-Prentice-Head-Shot-2025-768x1151.jpg 768w, https:\/\/canadianimaging.org\/wp-content\/uploads\/2025\/10\/Will-Prentice-Head-Shot-2025-200x300.jpg 200w, https:\/\/canadianimaging.org\/wp-content\/uploads\/2025\/10\/Will-Prentice-Head-Shot-2025-684x1024.jpg 684w, https:\/\/canadianimaging.org\/wp-content\/uploads\/2025\/10\/Will-Prentice-Head-Shot-2025-1025x1536.jpg 1025w, https:\/\/canadianimaging.org\/wp-content\/uploads\/2025\/10\/Will-Prentice-Head-Shot-2025-1367x2048.jpg 1367w, https:\/\/canadianimaging.org\/wp-content\/uploads\/2025\/10\/Will-Prentice-Head-Shot-2025-scaled.jpg 1709w\" sizes=\"(max-width: 768px) 100vw, 768px\" \/>\t\t\t\t\t\t\t\t\t\t\t\t\t\t\t<\/div>\n\t\t\t\t<\/div>\n\t\t\t\t<div class=\"elementor-element elementor-element-34c75f12 elementor-widget elementor-widget-text-editor\" data-id=\"34c75f12\" data-element_type=\"widget\" data-widget_type=\"text-editor.default\">\n\t\t\t\t<div class=\"elementor-widget-container\">\n\t\t\t\t\t\t\t\t\t<p>Will Prentice<\/p>\n\t\t\t\t\t\t\t\t<\/div>\n\t\t\t\t<\/div>\n\t\t\t\t<div class=\"elementor-element elementor-element-2b3d61d1 elementor-widget elementor-widget-text-editor\" data-id=\"2b3d61d1\" data-element_type=\"widget\" data-widget_type=\"text-editor.default\">\n\t\t\t\t<div class=\"elementor-widget-container\">\n\t\t\t\t\t\t\t\t\t<p><a href=\"http:\/\/www.capturaphoto.ca\/\">Captura Photo<\/a><\/p>\n\t\t\t\t\t\t\t\t<\/div>\n\t\t\t\t<\/div>\n\t\t\t\t<div class=\"elementor-element elementor-element-3be082a6 elementor-widget elementor-widget-text-editor\" data-id=\"3be082a6\" data-element_type=\"widget\" data-widget_type=\"text-editor.default\">\n\t\t\t\t<div class=\"elementor-widget-container\">\n\t\t\t\t\t\t\t\t\t<p><span style=\"font-weight: 400;\">Am\u00e9liorez vos comp\u00e9tences en mati\u00e8re d&#8217;\u00e9clairage gr\u00e2ce \u00e0 cet atelier avanc\u00e9 con\u00e7u pour les photographes de portraits et de produits qui souhaitent aller au-del\u00e0 des bases. Si les parapluies et les softboxes sont des incontournables du secteur, le v\u00e9ritable contr\u00f4le cr\u00e9atif passe par l&#8217;exploration d&#8217;outils de modelage de la lumi\u00e8re uniques qui vous permettront de vous d\u00e9marquer.<\/span><\/p>\n<p><span style=\"font-weight: 400;\">Au cours de cette session pratique, vous d\u00e9couvrirez comment les flashes de pointe et les modificateurs innovants de Broncolor, tels que les r\u00e9flecteurs para, les bandes lumineuses et autres modeleurs de lumi\u00e8re sp\u00e9cialis\u00e9s, peuvent transformer l&#8217;ambiance, la texture et la dimension de vos images. Vous apprendrez \u00e0 utiliser ces outils, ainsi que des outils simples fabriqu\u00e9s maison, pour sculpter la lumi\u00e8re avec pr\u00e9cision, mettre en valeur les d\u00e9tails et cr\u00e9er une atmosph\u00e8re qui met en valeur les personnes et les produits.<\/span><\/p>\n<p><span style=\"font-weight: 400;\">Cet atelier vous aidera \u00e0 affiner votre vision, \u00e0 \u00e9largir votre bo\u00eete \u00e0 outils cr\u00e9ative et \u00e0 acqu\u00e9rir la confiance n\u00e9cessaire pour aborder n&#8217;importe quelle prise de vue avec des id\u00e9es nouvelles et des techniques professionnelles.<\/span><\/p>\n\t\t\t\t\t\t\t\t<\/div>\n\t\t\t\t<\/div>\n\t\t\t\t<\/div>\n\t\t\t\t<\/div>\n\t\t<div class=\"elementor-element elementor-element-b550b0e e-con-full e-flex e-con e-child\" data-id=\"b550b0e\" data-element_type=\"container\">\n\t\t<div class=\"elementor-element elementor-element-93f2c39 e-con-full e-grid e-con e-child\" data-id=\"93f2c39\" data-element_type=\"container\">\n\t\t<div class=\"elementor-element elementor-element-5c4325b e-flex e-con-boxed elementor-invisible e-con e-child\" data-id=\"5c4325b\" data-element_type=\"container\" data-settings=\"{&quot;background_background&quot;:&quot;classic&quot;,&quot;animation&quot;:&quot;fadeIn&quot;,&quot;animation_mobile&quot;:&quot;fadeIn&quot;,&quot;animation_delay&quot;:100}\">\n\t\t\t\t\t<div class=\"e-con-inner\">\n\t\t\t\t<div class=\"elementor-element elementor-element-34139bf elementor-widget elementor-widget-text-editor\" data-id=\"34139bf\" data-element_type=\"widget\" data-widget_type=\"text-editor.default\">\n\t\t\t\t<div class=\"elementor-widget-container\">\n\t\t\t\t\t\t\t\t\t<p><span style=\"font-weight: 400;\">Photographie de nature morte et techniques grand format avec dos num\u00e9riques moyen format (Phase One)<\/span><\/p>\t\t\t\t\t\t\t\t<\/div>\n\t\t\t\t<\/div>\n\t\t\t\t<div class=\"elementor-element elementor-element-c12a3b5 elementor-widget__width-auto elementor-widget elementor-widget-image\" data-id=\"c12a3b5\" data-element_type=\"widget\" data-widget_type=\"image.default\">\n\t\t\t\t<div class=\"elementor-widget-container\">\n\t\t\t\t\t\t\t\t\t\t\t\t\t\t\t<img decoding=\"async\" width=\"768\" height=\"768\" src=\"https:\/\/canadianimaging.org\/wp-content\/uploads\/2026\/01\/DSC_3217-768x768.jpg\" class=\"attachment-medium_large size-medium_large wp-image-16547\" alt=\"\" srcset=\"https:\/\/canadianimaging.org\/wp-content\/uploads\/2026\/01\/DSC_3217-768x768.jpg 768w, https:\/\/canadianimaging.org\/wp-content\/uploads\/2026\/01\/DSC_3217-300x300.jpg 300w, https:\/\/canadianimaging.org\/wp-content\/uploads\/2026\/01\/DSC_3217-1024x1024.jpg 1024w, https:\/\/canadianimaging.org\/wp-content\/uploads\/2026\/01\/DSC_3217-150x150.jpg 150w, https:\/\/canadianimaging.org\/wp-content\/uploads\/2026\/01\/DSC_3217-1536x1536.jpg 1536w, https:\/\/canadianimaging.org\/wp-content\/uploads\/2026\/01\/DSC_3217-2048x2048.jpg 2048w\" sizes=\"(max-width: 768px) 100vw, 768px\" \/>\t\t\t\t\t\t\t\t\t\t\t\t\t\t\t<\/div>\n\t\t\t\t<\/div>\n\t\t\t\t<div class=\"elementor-element elementor-element-f394f40 elementor-widget elementor-widget-text-editor\" data-id=\"f394f40\" data-element_type=\"widget\" data-widget_type=\"text-editor.default\">\n\t\t\t\t<div class=\"elementor-widget-container\">\n\t\t\t\t\t\t\t\t\t<p>Gerald Freyer<\/p>\t\t\t\t\t\t\t\t<\/div>\n\t\t\t\t<\/div>\n\t\t\t\t<div class=\"elementor-element elementor-element-75b6988 elementor-widget elementor-widget-text-editor\" data-id=\"75b6988\" data-element_type=\"widget\" data-widget_type=\"text-editor.default\">\n\t\t\t\t<div class=\"elementor-widget-container\">\n\t\t\t\t\t\t\t\t\t<p><a href=\"https:\/\/www.outpost-pr.com\/\">Outpost PR Photo<\/a><\/p>\t\t\t\t\t\t\t\t<\/div>\n\t\t\t\t<\/div>\n\t\t\t\t<div class=\"elementor-element elementor-element-7471ffe elementor-widget elementor-widget-text-editor\" data-id=\"7471ffe\" data-element_type=\"widget\" data-widget_type=\"text-editor.default\">\n\t\t\t\t<div class=\"elementor-widget-container\">\n\t\t\t\t\t\t\t\t\t<p>Avis aux photographes, enseignants et amateurs avanc\u00e9s ! Cet atelier est un MUST pour tous ceux qui ont d\u00e9j\u00e0 r\u00eav\u00e9 de travailler avec un appareil photo num\u00e9rique haut de gamme ou un appareil grand format tel que Phase One, Hasselblad ou Fujifilm GFX. Vous aurez l&#8217;occasion de photographier vous-m\u00eame avec un appareil Phase One dans le cadre de cet atelier pratique et de d\u00e9couvrir par vous-m\u00eame ce qui rend ces appareils sup\u00e9rieurs : de la taille du capteur \u00e0 la plage dynamique, en passant par une r\u00e9solution incroyablement d\u00e9taill\u00e9e, un flux de travail am\u00e9lior\u00e9 et un potentiel cr\u00e9atif accru.<\/p><p>Cet atelier vous permettra d&#8217;explorer de nouveaux cr\u00e9neaux \u00e0 l&#8217;\u00e8re de l&#8217;IA. Alors que l&#8217;IA prosp\u00e8re gr\u00e2ce \u00e0 la vitesse, l&#8217;\u00e9chelle et la quantit\u00e9, les connaissances photographiques classiques prosp\u00e8rent gr\u00e2ce \u00e0 la profondeur, la sp\u00e9cialisation et la limitation intentionnelle. Les photographes qui comprennent les syst\u00e8mes grand format, la g\u00e9om\u00e9trie optique et les processus historiques ont un avenir dans ce qui ne peut \u00eatre produit en s\u00e9rie, comme la reproduction de qualit\u00e9 mus\u00e9ale, la num\u00e9risation et la conservation d&#8217;archives, la restauration respectueuse de l&#8217;histoire et l&#8217;impression d&#8217;\u0153uvres d&#8217;art avec une int\u00e9grit\u00e9 optique. Il ne s&#8217;agit pas de photographie grand public, mais c&#8217;est pr\u00e9cis\u00e9ment l\u00e0 que l&#8217;expertise continuera \u00e0 d\u00e9finir la valeur \u00e0 l&#8217;avenir.<\/p><p>Que vous soyez photographe de studio, paysagiste, artiste ou sp\u00e9cialiste du patrimoine culturel, vous tirerez profit de l&#8217;apprentissage de nouvelles applications cr\u00e9atives et techniques. Les participants sont encourag\u00e9s \u00e0 apporter leur propre appareil photo pour effectuer des comparaisons en temps r\u00e9el, tout en testant du mat\u00e9riel haut de gamme sous la supervision d&#8217;experts. Il s&#8217;agit d&#8217;un atelier en petit groupe avec un nombre de places limit\u00e9, alors inscrivez-vous avant qu&#8217;il ne soit complet !<\/p>\t\t\t\t\t\t\t\t<\/div>\n\t\t\t\t<\/div>\n\t\t\t\t\t<\/div>\n\t\t\t\t<\/div>\n\t\t<div class=\"elementor-element elementor-element-da4323b e-flex e-con-boxed elementor-invisible e-con e-child\" data-id=\"da4323b\" data-element_type=\"container\" data-settings=\"{&quot;background_background&quot;:&quot;classic&quot;,&quot;animation&quot;:&quot;fadeIn&quot;,&quot;animation_mobile&quot;:&quot;fadeIn&quot;,&quot;animation_delay&quot;:100}\">\n\t\t\t\t\t<div class=\"e-con-inner\">\n\t\t\t\t<div class=\"elementor-element elementor-element-8077645 elementor-widget elementor-widget-text-editor\" data-id=\"8077645\" data-element_type=\"widget\" data-widget_type=\"text-editor.default\">\n\t\t\t\t<div class=\"elementor-widget-container\">\n\t\t\t\t\t\t\t\t\t<p>L&#8217;art de poser avec assurance\u2028<\/p>\t\t\t\t\t\t\t\t<\/div>\n\t\t\t\t<\/div>\n\t\t\t\t<div class=\"elementor-element elementor-element-c3a5193 elementor-widget__width-initial elementor-widget elementor-widget-image\" data-id=\"c3a5193\" data-element_type=\"widget\" data-widget_type=\"image.default\">\n\t\t\t\t<div class=\"elementor-widget-container\">\n\t\t\t\t\t\t\t\t\t\t\t\t\t\t\t<img loading=\"lazy\" decoding=\"async\" width=\"768\" height=\"595\" src=\"https:\/\/canadianimaging.org\/wp-content\/uploads\/2026\/02\/1-1-768x595.jpg\" class=\"attachment-medium_large size-medium_large wp-image-16580\" alt=\"\" srcset=\"https:\/\/canadianimaging.org\/wp-content\/uploads\/2026\/02\/1-1-768x595.jpg 768w, https:\/\/canadianimaging.org\/wp-content\/uploads\/2026\/02\/1-1-300x232.jpg 300w, https:\/\/canadianimaging.org\/wp-content\/uploads\/2026\/02\/1-1-1024x793.jpg 1024w, https:\/\/canadianimaging.org\/wp-content\/uploads\/2026\/02\/1-1-1536x1190.jpg 1536w, https:\/\/canadianimaging.org\/wp-content\/uploads\/2026\/02\/1-1-2048x1587.jpg 2048w\" sizes=\"(max-width: 768px) 100vw, 768px\" \/>\t\t\t\t\t\t\t\t\t\t\t\t\t\t\t<\/div>\n\t\t\t\t<\/div>\n\t\t\t\t<div class=\"elementor-element elementor-element-272f8ec elementor-widget elementor-widget-text-editor\" data-id=\"272f8ec\" data-element_type=\"widget\" data-widget_type=\"text-editor.default\">\n\t\t\t\t<div class=\"elementor-widget-container\">\n\t\t\t\t\t\t\t\t\t<p>Rienna Davey<\/p>\t\t\t\t\t\t\t\t<\/div>\n\t\t\t\t<\/div>\n\t\t\t\t<div class=\"elementor-element elementor-element-d1a4586 elementor-widget elementor-widget-text-editor\" data-id=\"d1a4586\" data-element_type=\"widget\" data-widget_type=\"text-editor.default\">\n\t\t\t\t<div class=\"elementor-widget-container\">\n\t\t\t\t\t\t\t\t\t<p><a href=\"https:\/\/www.rbdbeautyphotography.com\/\">RBD Beauty Photography<\/a><\/p>\t\t\t\t\t\t\t\t<\/div>\n\t\t\t\t<\/div>\n\t\t\t\t<div class=\"elementor-element elementor-element-0bd2bdf elementor-widget elementor-widget-text-editor\" data-id=\"0bd2bdf\" data-element_type=\"widget\" data-widget_type=\"text-editor.default\">\n\t\t\t\t<div class=\"elementor-widget-container\">\n\t\t\t\t\t\t\t\t\t<p class=\"x_MsoNormal\" data-olk-copy-source=\"MessageBody\">L&#8217;art de la pose affirm\u00e9e est un atelier interactif ax\u00e9 sur la pose des clientes boudoir, qui privil\u00e9gie la confiance, le confort et la connexion. Cette exp\u00e9rience va au-del\u00e0 des poses : il s&#8217;agit d&#8217;instaurer la confiance, de cr\u00e9er un sentiment de s\u00e9curit\u00e9 \u00e9motionnelle et de guider les clientes avec intention et attention, afin qu&#8217;elles se sentent consid\u00e9r\u00e9es, en s\u00e9curit\u00e9 et soutenues tout au long de la s\u00e9ance. L&#8217;objectif est que chaque cliente reparte en se sentant confiante, \u00e9mancip\u00e9e et pleinement ma\u00eetresse d&#8217;elle-m\u00eame, avant m\u00eame d&#8217;avoir vu une seule image. Les participants auront l&#8217;occasion de s&#8217;exercer \u00e0 la prise de vue avec notre mod\u00e8le, avec des conseils et un soutien en direct pour les aider \u00e0 affiner leurs poses, leur communication et leur assurance en temps r\u00e9el.<\/p><p class=\"x_MsoNormal\">Informations suppl\u00e9mentaires sur cette session.\u00a0 Rienna s&#8217;occupera de la mise en sc\u00e8ne et l&#8217;\u00e9clairage sera naturel.\u00a0 Les photographes n&#8217;ont qu&#8217;\u00e0 apporter leur appareil photo.<\/p>\t\t\t\t\t\t\t\t<\/div>\n\t\t\t\t<\/div>\n\t\t\t\t\t<\/div>\n\t\t\t\t<\/div>\n\t\t\t\t<\/div>\n\t\t\t\t<\/div>\n\t\t\t\t<\/div>\n\t\t\t\t<\/div>\n\t\t","protected":false},"excerpt":{"rendered":"<p>Ateliers Au-del\u00e0 du portrait : \u00e9clairage en studio et poses pour les jeunes adultes Alison Carlino, CR. Photog., CPP Carlino&#8217;s Photographie Les jeunes adultes (g\u00e9n\u00e9ration Z) recherchent l&#8217;authenticit\u00e9 et une exp\u00e9rience qui va au-del\u00e0 du portrait standard utilis\u00e9 pour les candidatures \u00e0 un emploi. Nous aborderons les configurations d&#8217;\u00e9clairage 1-2-3 avec divers bo\u00eetes \u00e0 lumi\u00e8re&hellip;<\/p>\n","protected":false},"author":21,"featured_media":0,"parent":0,"menu_order":0,"comment_status":"closed","ping_status":"closed","template":"","meta":{"footnotes":""},"class_list":["post-16191","page","type-page","status-publish","hentry"],"_links":{"self":[{"href":"https:\/\/canadianimaging.org\/fr\/wp-json\/wp\/v2\/pages\/16191","targetHints":{"allow":["GET"]}}],"collection":[{"href":"https:\/\/canadianimaging.org\/fr\/wp-json\/wp\/v2\/pages"}],"about":[{"href":"https:\/\/canadianimaging.org\/fr\/wp-json\/wp\/v2\/types\/page"}],"author":[{"embeddable":true,"href":"https:\/\/canadianimaging.org\/fr\/wp-json\/wp\/v2\/users\/21"}],"replies":[{"embeddable":true,"href":"https:\/\/canadianimaging.org\/fr\/wp-json\/wp\/v2\/comments?post=16191"}],"version-history":[{"count":22,"href":"https:\/\/canadianimaging.org\/fr\/wp-json\/wp\/v2\/pages\/16191\/revisions"}],"predecessor-version":[{"id":16594,"href":"https:\/\/canadianimaging.org\/fr\/wp-json\/wp\/v2\/pages\/16191\/revisions\/16594"}],"wp:attachment":[{"href":"https:\/\/canadianimaging.org\/fr\/wp-json\/wp\/v2\/media?parent=16191"}],"curies":[{"name":"wp","href":"https:\/\/api.w.org\/{rel}","templated":true}]}}