{"id":16600,"date":"2026-02-04T15:49:27","date_gmt":"2026-02-04T20:49:27","guid":{"rendered":"https:\/\/canadianimaging.org\/excursion-en-groupe\/"},"modified":"2026-02-04T15:49:27","modified_gmt":"2026-02-04T20:49:27","slug":"excursion-en-groupe","status":"publish","type":"page","link":"https:\/\/canadianimaging.org\/fr\/excursion-en-groupe\/","title":{"rendered":"Excursion en groupe"},"content":{"rendered":"\t\t<div data-elementor-type=\"wp-page\" data-elementor-id=\"16600\" class=\"elementor elementor-16600 elementor-16595\" data-elementor-post-type=\"page\">\n\t\t\t\t<div class=\"elementor-element elementor-element-b1b043b e-flex e-con-boxed e-con e-parent\" data-id=\"b1b043b\" data-element_type=\"container\">\n\t\t\t\t\t<div class=\"e-con-inner\">\n\t\t\t\t<div class=\"elementor-element elementor-element-c651096 animated-slow e-transform elementor-invisible elementor-widget elementor-widget-heading\" data-id=\"c651096\" data-element_type=\"widget\" data-settings=\"{&quot;motion_fx_motion_fx_scrolling&quot;:&quot;yes&quot;,&quot;_animation&quot;:&quot;fadeIn&quot;,&quot;motion_fx_devices&quot;:[&quot;desktop&quot;,&quot;tablet&quot;,&quot;mobile&quot;],&quot;_transform_translateX_effect_hover&quot;:{&quot;unit&quot;:&quot;px&quot;,&quot;size&quot;:&quot;&quot;,&quot;sizes&quot;:[]},&quot;_transform_translateX_effect_hover_tablet&quot;:{&quot;unit&quot;:&quot;px&quot;,&quot;size&quot;:&quot;&quot;,&quot;sizes&quot;:[]},&quot;_transform_translateX_effect_hover_mobile&quot;:{&quot;unit&quot;:&quot;px&quot;,&quot;size&quot;:&quot;&quot;,&quot;sizes&quot;:[]},&quot;_transform_translateY_effect_hover&quot;:{&quot;unit&quot;:&quot;px&quot;,&quot;size&quot;:&quot;&quot;,&quot;sizes&quot;:[]},&quot;_transform_translateY_effect_hover_tablet&quot;:{&quot;unit&quot;:&quot;px&quot;,&quot;size&quot;:&quot;&quot;,&quot;sizes&quot;:[]},&quot;_transform_translateY_effect_hover_mobile&quot;:{&quot;unit&quot;:&quot;px&quot;,&quot;size&quot;:&quot;&quot;,&quot;sizes&quot;:[]}}\" data-widget_type=\"heading.default\">\n\t\t\t\t<div class=\"elementor-widget-container\">\n\t\t\t\t\t<h2 class=\"elementor-heading-title elementor-size-default\">\u00c0 la d\u00e9couverte des silos \u00e0 grains embl\u00e9matiques de la Saskatchewan<\/h2>\t\t\t\t<\/div>\n\t\t\t\t<\/div>\n\t\t\t\t<div class=\"elementor-element elementor-element-2830b3d animated-slow e-transform elementor-invisible elementor-widget elementor-widget-heading\" data-id=\"2830b3d\" data-element_type=\"widget\" data-settings=\"{&quot;motion_fx_motion_fx_scrolling&quot;:&quot;yes&quot;,&quot;_animation&quot;:&quot;fadeIn&quot;,&quot;motion_fx_devices&quot;:[&quot;desktop&quot;,&quot;tablet&quot;,&quot;mobile&quot;],&quot;_transform_translateX_effect_hover&quot;:{&quot;unit&quot;:&quot;px&quot;,&quot;size&quot;:&quot;&quot;,&quot;sizes&quot;:[]},&quot;_transform_translateX_effect_hover_tablet&quot;:{&quot;unit&quot;:&quot;px&quot;,&quot;size&quot;:&quot;&quot;,&quot;sizes&quot;:[]},&quot;_transform_translateX_effect_hover_mobile&quot;:{&quot;unit&quot;:&quot;px&quot;,&quot;size&quot;:&quot;&quot;,&quot;sizes&quot;:[]},&quot;_transform_translateY_effect_hover&quot;:{&quot;unit&quot;:&quot;px&quot;,&quot;size&quot;:&quot;&quot;,&quot;sizes&quot;:[]},&quot;_transform_translateY_effect_hover_tablet&quot;:{&quot;unit&quot;:&quot;px&quot;,&quot;size&quot;:&quot;&quot;,&quot;sizes&quot;:[]},&quot;_transform_translateY_effect_hover_mobile&quot;:{&quot;unit&quot;:&quot;px&quot;,&quot;size&quot;:&quot;&quot;,&quot;sizes&quot;:[]}}\" data-widget_type=\"heading.default\">\n\t\t\t\t<div class=\"elementor-widget-container\">\n\t\t\t\t\t<h2 class=\"elementor-heading-title elementor-size-default\">Animatrice : Lianne Matieshin<\/h2>\t\t\t\t<\/div>\n\t\t\t\t<\/div>\n\t\t\t\t<div class=\"elementor-element elementor-element-54d4a57 elementor-widget elementor-widget-text-editor\" data-id=\"54d4a57\" data-element_type=\"widget\" data-widget_type=\"text-editor.default\">\n\t\t\t\t<div class=\"elementor-widget-container\">\n\t\t\t\t\t\t\t\t\t<p>Rejoignez-nous pour une excursion photographique inoubliable juste \u00e0 l&#8217;ext\u00e9rieur de Saskatoon, o\u00f9 le paysage vallonn\u00e9 des prairies rencontre la silhouette embl\u00e9matique des silos \u00e0 grains historiques, symboles du patrimoine agricole de la Saskatchewan.<\/p>\n\t\t\t\t\t\t\t\t<\/div>\n\t\t\t\t<\/div>\n\t\t\t\t<div class=\"elementor-element elementor-element-321fda3 animated-slow e-transform elementor-invisible elementor-widget elementor-widget-heading\" data-id=\"321fda3\" data-element_type=\"widget\" data-settings=\"{&quot;motion_fx_motion_fx_scrolling&quot;:&quot;yes&quot;,&quot;_animation&quot;:&quot;fadeIn&quot;,&quot;motion_fx_devices&quot;:[&quot;desktop&quot;,&quot;tablet&quot;,&quot;mobile&quot;],&quot;_transform_translateX_effect_hover&quot;:{&quot;unit&quot;:&quot;px&quot;,&quot;size&quot;:&quot;&quot;,&quot;sizes&quot;:[]},&quot;_transform_translateX_effect_hover_tablet&quot;:{&quot;unit&quot;:&quot;px&quot;,&quot;size&quot;:&quot;&quot;,&quot;sizes&quot;:[]},&quot;_transform_translateX_effect_hover_mobile&quot;:{&quot;unit&quot;:&quot;px&quot;,&quot;size&quot;:&quot;&quot;,&quot;sizes&quot;:[]},&quot;_transform_translateY_effect_hover&quot;:{&quot;unit&quot;:&quot;px&quot;,&quot;size&quot;:&quot;&quot;,&quot;sizes&quot;:[]},&quot;_transform_translateY_effect_hover_tablet&quot;:{&quot;unit&quot;:&quot;px&quot;,&quot;size&quot;:&quot;&quot;,&quot;sizes&quot;:[]},&quot;_transform_translateY_effect_hover_mobile&quot;:{&quot;unit&quot;:&quot;px&quot;,&quot;size&quot;:&quot;&quot;,&quot;sizes&quot;:[]}}\" data-widget_type=\"heading.default\">\n\t\t\t\t<div class=\"elementor-widget-container\">\n\t\t\t\t\t<h2 class=\"elementor-heading-title elementor-size-default\">Les silos \u00e0 grains historiques<\/h2>\t\t\t\t<\/div>\n\t\t\t\t<\/div>\n\t\t\t\t\t<\/div>\n\t\t\t\t<\/div>\n\t\t<div class=\"elementor-element elementor-element-ba7e157 e-flex e-con-boxed e-con e-parent\" data-id=\"ba7e157\" data-element_type=\"container\">\n\t\t\t\t\t<div class=\"e-con-inner\">\n\t\t\t\t<div class=\"elementor-element elementor-element-1cc9e65 elementor-widget elementor-widget-text-editor\" data-id=\"1cc9e65\" data-element_type=\"widget\" data-widget_type=\"text-editor.default\">\n\t\t\t\t<div class=\"elementor-widget-container\">\n\t\t\t\t\t\t\t\t\t<p>Alors que nous nous aventurons au c\u0153ur des prairies, nous visiterons au moins trois silos \u00e0 grains. Ces g\u00e9ants imposants, construits au d\u00e9but et au milieu du XXe si\u00e8cle, ont autrefois jou\u00e9 un r\u00f4le crucial dans l&#8217;industrie c\u00e9r\u00e9ali\u00e8re, servant de points de collecte essentiels pour les r\u00e9coltes des agriculteurs. Malheureusement, bon nombre de ces silos sont tomb\u00e9s en ruine ou ont \u00e9t\u00e9 d\u00e9molis, ce qui les rend de plus en plus rares dans les campagnes. Chaque silo \u00e0 grains a sa propre histoire, refl\u00e9tant la communaut\u00e9 qu&#8217;il desservait et les changements dans les pratiques agricoles au fil des ans.<\/p>\n<p>Des plans larges qui capturent la grandeur des paysages aux gros plans qui mettent en valeur les d\u00e9tails complexes du bois patin\u00e9 et du m\u00e9tal rouill\u00e9 des silos, cette visite encourage votre cr\u00e9ativit\u00e9 \u00e0 s&#8217;exprimer lorsque votre inspiration est \u00e0 son apog\u00e9e apr\u00e8s le congr\u00e8s.<\/p>\n\t\t\t\t\t\t\t\t<\/div>\n\t\t\t\t<\/div>\n\t\t\t\t\t<\/div>\n\t\t\t\t<\/div>\n\t\t<div class=\"elementor-element elementor-element-17da4bc e-flex e-con-boxed e-con e-parent\" data-id=\"17da4bc\" data-element_type=\"container\">\n\t\t\t\t\t<div class=\"e-con-inner\">\n\t\t\t\t<div class=\"elementor-element elementor-element-93a05aa animated-slow e-transform elementor-invisible elementor-widget elementor-widget-heading\" data-id=\"93a05aa\" data-element_type=\"widget\" data-settings=\"{&quot;motion_fx_motion_fx_scrolling&quot;:&quot;yes&quot;,&quot;_animation&quot;:&quot;fadeIn&quot;,&quot;motion_fx_devices&quot;:[&quot;desktop&quot;,&quot;tablet&quot;,&quot;mobile&quot;],&quot;_transform_translateX_effect_hover&quot;:{&quot;unit&quot;:&quot;px&quot;,&quot;size&quot;:&quot;&quot;,&quot;sizes&quot;:[]},&quot;_transform_translateX_effect_hover_tablet&quot;:{&quot;unit&quot;:&quot;px&quot;,&quot;size&quot;:&quot;&quot;,&quot;sizes&quot;:[]},&quot;_transform_translateX_effect_hover_mobile&quot;:{&quot;unit&quot;:&quot;px&quot;,&quot;size&quot;:&quot;&quot;,&quot;sizes&quot;:[]},&quot;_transform_translateY_effect_hover&quot;:{&quot;unit&quot;:&quot;px&quot;,&quot;size&quot;:&quot;&quot;,&quot;sizes&quot;:[]},&quot;_transform_translateY_effect_hover_tablet&quot;:{&quot;unit&quot;:&quot;px&quot;,&quot;size&quot;:&quot;&quot;,&quot;sizes&quot;:[]},&quot;_transform_translateY_effect_hover_mobile&quot;:{&quot;unit&quot;:&quot;px&quot;,&quot;size&quot;:&quot;&quot;,&quot;sizes&quot;:[]}}\" data-widget_type=\"heading.default\">\n\t\t\t\t<div class=\"elementor-widget-container\">\n\t\t\t\t\t<h2 class=\"elementor-heading-title elementor-size-default\">Diner \u00e0 l'embl\u00e9matique Berry Barn<\/h2>\t\t\t\t<\/div>\n\t\t\t\t<\/div>\n\t\t\t\t\t<\/div>\n\t\t\t\t<\/div>\n\t\t<div class=\"elementor-element elementor-element-79e3e20 e-flex e-con-boxed e-con e-parent\" data-id=\"79e3e20\" data-element_type=\"container\">\n\t\t\t\t\t<div class=\"e-con-inner\">\n\t\t\t\t<div class=\"elementor-element elementor-element-6f17fc7 elementor-widget elementor-widget-text-editor\" data-id=\"6f17fc7\" data-element_type=\"widget\" data-widget_type=\"text-editor.default\">\n\t\t\t\t<div class=\"elementor-widget-container\">\n\t\t\t\t\t\t\t\t\t<p>Pour conclure notre voyage, nous arriverons au charmant Berry Barn, un \u00e9tablissement local tr\u00e8s appr\u00e9ci\u00e9, r\u00e9put\u00e9 pour sa vue pittoresque sur la rivi\u00e8re et ses d\u00e9licieux plats. Nich\u00e9 au bord de la rivi\u00e8re Saskatchewan Sud, le Berry Barn est l&#8217;endroit id\u00e9al pour se d\u00e9tendre apr\u00e8s une journ\u00e9e d&#8217;exploration. Sa grande terrasse offre un cadre idyllique pour se relaxer et r\u00e9fl\u00e9chir aux d\u00e9couvertes de la journ\u00e9e tout en profitant de la beaut\u00e9 du paysage environnant.<\/p>\n\t\t\t\t\t\t\t\t<\/div>\n\t\t\t\t<\/div>\n\t\t\t\t\t<\/div>\n\t\t\t\t<\/div>\n\t\t\t\t<\/div>\n\t\t","protected":false},"excerpt":{"rendered":"<p>\u00c0 la d\u00e9couverte des silos \u00e0 grains embl\u00e9matiques de la Saskatchewan Animatrice : Lianne Matieshin Rejoignez-nous pour une excursion photographique inoubliable juste \u00e0 l&#8217;ext\u00e9rieur de Saskatoon, o\u00f9 le paysage vallonn\u00e9 des prairies rencontre la silhouette embl\u00e9matique des silos \u00e0 grains historiques, symboles du patrimoine agricole de la Saskatchewan. Les silos \u00e0 grains historiques Alors que&hellip;<\/p>\n","protected":false},"author":21,"featured_media":0,"parent":0,"menu_order":0,"comment_status":"closed","ping_status":"closed","template":"","meta":{"footnotes":""},"class_list":["post-16600","page","type-page","status-publish","hentry"],"_links":{"self":[{"href":"https:\/\/canadianimaging.org\/fr\/wp-json\/wp\/v2\/pages\/16600","targetHints":{"allow":["GET"]}}],"collection":[{"href":"https:\/\/canadianimaging.org\/fr\/wp-json\/wp\/v2\/pages"}],"about":[{"href":"https:\/\/canadianimaging.org\/fr\/wp-json\/wp\/v2\/types\/page"}],"author":[{"embeddable":true,"href":"https:\/\/canadianimaging.org\/fr\/wp-json\/wp\/v2\/users\/21"}],"replies":[{"embeddable":true,"href":"https:\/\/canadianimaging.org\/fr\/wp-json\/wp\/v2\/comments?post=16600"}],"version-history":[{"count":1,"href":"https:\/\/canadianimaging.org\/fr\/wp-json\/wp\/v2\/pages\/16600\/revisions"}],"predecessor-version":[{"id":16601,"href":"https:\/\/canadianimaging.org\/fr\/wp-json\/wp\/v2\/pages\/16600\/revisions\/16601"}],"wp:attachment":[{"href":"https:\/\/canadianimaging.org\/fr\/wp-json\/wp\/v2\/media?parent=16600"}],"curies":[{"name":"wp","href":"https:\/\/api.w.org\/{rel}","templated":true}]}}